{"id":332,"date":"2026-01-13T11:39:52","date_gmt":"2026-01-13T10:39:52","guid":{"rendered":"https:\/\/www.lapensiondumoulin.com\/?page_id=332"},"modified":"2026-02-11T12:43:33","modified_gmt":"2026-02-11T11:43:33","slug":"our-events","status":"publish","type":"page","link":"https:\/\/www.lapensiondumoulin.com\/en\/nos-evenements\/","title":{"rendered":"Our events"},"content":{"rendered":"<div data-elementor-type=\"wp-page\" data-elementor-id=\"332\" class=\"elementor elementor-332\" data-elementor-post-type=\"page\">\n\t\t\t\t<div class=\"elementor-element elementor-element-ed712dd e-flex e-con-boxed e-con e-parent\" data-id=\"ed712dd\" data-element_type=\"container\" data-e-type=\"container\" data-settings=\"{&quot;background_background&quot;:&quot;classic&quot;}\">\n\t\t\t\t\t<div class=\"e-con-inner\">\n\t\t<div class=\"elementor-element elementor-element-59f58c8 e-con-full e-flex e-con e-child\" data-id=\"59f58c8\" data-element_type=\"container\" data-e-type=\"container\">\n\t\t\t\t<div class=\"elementor-element elementor-element-3bac95e elementor-widget elementor-widget-text-editor\" data-id=\"3bac95e\" data-element_type=\"widget\" data-e-type=\"widget\" data-widget_type=\"text-editor.default\">\n\t\t\t\t<div class=\"elementor-widget-container\">\n\t\t\t\t\t\t\t\t\t<p>Pension du Moulin agenda<\/p>\t\t\t\t\t\t\t\t<\/div>\n\t\t\t\t<\/div>\n\t\t\t\t<div class=\"elementor-element elementor-element-6d3abcd elementor-widget elementor-widget-heading\" data-id=\"6d3abcd\" data-element_type=\"widget\" data-e-type=\"widget\" data-widget_type=\"heading.default\">\n\t\t\t\t<div class=\"elementor-widget-container\">\n\t\t\t\t\t<h1 class=\"elementor-heading-title elementor-size-default\">Enjoy great events in Finist\u00e8re<\/h1>\t\t\t\t<\/div>\n\t\t\t\t<\/div>\n\t\t\t\t<div class=\"elementor-element elementor-element-a591f90 hero-arrow elementor-view-default elementor-widget elementor-widget-icon\" data-id=\"a591f90\" data-element_type=\"widget\" data-e-type=\"widget\" data-widget_type=\"icon.default\">\n\t\t\t\t<div class=\"elementor-widget-container\">\n\t\t\t\t\t\t\t<div class=\"elementor-icon-wrapper\">\n\t\t\t<a class=\"elementor-icon\" href=\"#introduction\">\n\t\t\t<svg xmlns=\"http:\/\/www.w3.org\/2000\/svg\" width=\"15\" height=\"8\" viewbox=\"0 0 15 8\" fill=\"none\"><path d=\"M0.5 0.5L7.02174 7.02174L13.5435 0.5\" stroke=\"white\" stroke-linecap=\"round\"><\/path><\/svg>\t\t\t<\/a>\n\t\t<\/div>\n\t\t\t\t\t\t<\/div>\n\t\t\t\t<\/div>\n\t\t\t\t<\/div>\n\t\t\t\t\t<\/div>\n\t\t\t\t<\/div>\n\t\t<div class=\"elementor-element elementor-element-9e50fec e-flex e-con-boxed e-con e-parent\" data-id=\"9e50fec\" data-element_type=\"container\" data-e-type=\"container\" id=\"introduction\">\n\t\t\t\t\t<div class=\"e-con-inner\">\n\t\t<div class=\"elementor-element elementor-element-f24dec0 e-con-full e-flex e-con e-child\" data-id=\"f24dec0\" data-element_type=\"container\" data-e-type=\"container\">\n\t\t\t\t<div class=\"elementor-element elementor-element-14621b7 animated-phrase elementor-widget elementor-widget-heading\" data-id=\"14621b7\" data-element_type=\"widget\" data-e-type=\"widget\" data-widget_type=\"heading.default\">\n\t\t\t\t<div class=\"elementor-widget-container\">\n\t\t\t\t\t<h2 class=\"elementor-heading-title elementor-size-default\">Selected moments, shared emotions<\/h2>\t\t\t\t<\/div>\n\t\t\t\t<\/div>\n\t\t\t\t<\/div>\n\t\t<div class=\"elementor-element elementor-element-cc97a4d e-con-full e-flex e-con e-child\" data-id=\"cc97a4d\" data-element_type=\"container\" data-e-type=\"container\">\n\t\t\t\t<div class=\"elementor-element elementor-element-4665331 elementor-widget elementor-widget-text-editor\" data-id=\"4665331\" data-element_type=\"widget\" data-e-type=\"widget\" data-widget_type=\"text-editor.default\">\n\t\t\t\t<div class=\"elementor-widget-container\">\n\t\t\t\t\t\t\t\t\t<p>In Pont-Aven, La Pension du Moulin is getting ready to bring its house spirit to life with open, cultural and convivial events. Faithful to the DNA of Ar Collection, this characterful address will soon be hosting events in its image: simple, warm, focused on art, gastronomy and local life. Meetings on a human scale, to celebrate Brittany and Finist\u00e8re in a different way, around a table, an artist or an idea to share.<br \/><br \/><strong>The program to come!<\/strong><\/p>\t\t\t\t\t\t\t\t<\/div>\n\t\t\t\t<\/div>\n\t\t\t\t<\/div>\n\t\t\t\t\t<\/div>\n\t\t\t\t<\/div>\n\t\t<div class=\"elementor-element elementor-element-a0ad51f domaine-section_activites e-flex e-con-boxed e-con e-parent\" data-id=\"a0ad51f\" data-element_type=\"container\" data-e-type=\"container\">\n\t\t\t\t\t<div class=\"e-con-inner\">\n\t\t<div class=\"elementor-element elementor-element-e56fa6b e-con-full e-flex e-con e-child\" data-id=\"e56fa6b\" data-element_type=\"container\" data-e-type=\"container\">\n\t\t\t\t<div class=\"elementor-element elementor-element-f3e8631 elementor-widget elementor-widget-heading\" data-id=\"f3e8631\" data-element_type=\"widget\" data-e-type=\"widget\" data-widget_type=\"heading.default\">\n\t\t\t\t<div class=\"elementor-widget-container\">\n\t\t\t\t\t<span class=\"elementor-heading-title elementor-size-default\">The events<\/span>\t\t\t\t<\/div>\n\t\t\t\t<\/div>\n\t\t\t\t<div class=\"elementor-element elementor-element-0e06dc0 elementor-widget elementor-widget-heading\" data-id=\"0e06dc0\" data-element_type=\"widget\" data-e-type=\"widget\" data-widget_type=\"heading.default\">\n\t\t\t\t<div class=\"elementor-widget-container\">\n\t\t\t\t\t<h2 class=\"elementor-heading-title elementor-size-default\">coming soon<\/h2>\t\t\t\t<\/div>\n\t\t\t\t<\/div>\n\t\t\t\t<\/div>\n\t\t<div class=\"elementor-element elementor-element-f709504 e-grid e-con-full activites-grille e-con e-child\" data-id=\"f709504\" data-element_type=\"container\" data-e-type=\"container\">\n\t\t<div class=\"elementor-element elementor-element-9b1840b e-con-full activite-item elementor-hidden-desktop elementor-hidden-laptop elementor-hidden-tablet_extra elementor-hidden-tablet elementor-hidden-mobile e-flex e-con e-child\" data-id=\"9b1840b\" data-element_type=\"container\" data-e-type=\"container\" data-settings=\"{&quot;background_background&quot;:&quot;classic&quot;}\">\n\t\t\t\t<div class=\"elementor-element elementor-element-1cbb5b0 elementor-widget elementor-widget-heading\" data-id=\"1cbb5b0\" data-element_type=\"widget\" data-e-type=\"widget\" data-widget_type=\"heading.default\">\n\t\t\t\t<div class=\"elementor-widget-container\">\n\t\t\t\t\t<h2 class=\"elementor-heading-title elementor-size-default\">Oenology<\/h2>\t\t\t\t<\/div>\n\t\t\t\t<\/div>\n\t\t<div class=\"elementor-element elementor-element-01e4baf e-con-full wrapper-txt-hover e-flex e-con e-child\" data-id=\"01e4baf\" data-element_type=\"container\" data-e-type=\"container\">\n\t\t\t\t<div class=\"elementor-element elementor-element-b4d8746 elementor-widget__width-initial elementor-widget elementor-widget-text-editor\" data-id=\"b4d8746\" data-element_type=\"widget\" data-e-type=\"widget\" data-widget_type=\"text-editor.default\">\n\t\t\t\t<div class=\"elementor-widget-container\">\n\t\t\t\t\t\t\t\t\t<p>Share a convivial moment around wine, between sensory discoveries, exchanges and the pleasure of the terroir.<\/p>\t\t\t\t\t\t\t\t<\/div>\n\t\t\t\t<\/div>\n\t\t<a class=\"elementor-element elementor-element-8e68bfd e-con-full common-cta-container btn_white e-flex e-con e-child\" data-id=\"8e68bfd\" data-element_type=\"container\" data-e-type=\"container\" href=\"https:\/\/www.lapensiondumoulin.com\/en\/tourisme\/la-cite-des-peintres\/\">\n\t\t\t\t<div class=\"elementor-element elementor-element-26ebe19 common-cta-text elementor-widget elementor-widget-text-editor\" data-id=\"26ebe19\" data-element_type=\"widget\" data-e-type=\"widget\" data-widget_type=\"text-editor.default\">\n\t\t\t\t<div class=\"elementor-widget-container\">\n\t\t\t\t\t\t\t\t\t<p>Discover<\/p>\t\t\t\t\t\t\t\t<\/div>\n\t\t\t\t<\/div>\n\t\t\t\t<\/a>\n\t\t\t\t<\/div>\n\t\t\t\t<\/div>\n\t\t\t\t<\/div>\n\t\t\t\t\t<\/div>\n\t\t\t\t<\/div>\n\t\t<div class=\"elementor-element elementor-element-939a1a8 e-flex e-con-boxed e-con e-parent\" data-id=\"939a1a8\" data-element_type=\"container\" data-e-type=\"container\">\n\t\t\t\t\t<div class=\"e-con-inner\">\n\t\t<div class=\"elementor-element elementor-element-be60a95 e-con-full e-flex e-con e-child\" data-id=\"be60a95\" data-element_type=\"container\" data-e-type=\"container\">\n\t\t<div class=\"elementor-element elementor-element-2c842bf e-con-full e-flex e-con e-child\" data-id=\"2c842bf\" data-element_type=\"container\" data-e-type=\"container\">\n\t\t\t\t<div class=\"elementor-element elementor-element-cec440c elementor-widget elementor-widget-heading\" data-id=\"cec440c\" data-element_type=\"widget\" data-e-type=\"widget\" data-widget_type=\"heading.default\">\n\t\t\t\t<div class=\"elementor-widget-container\">\n\t\t\t\t\t<span class=\"elementor-heading-title elementor-size-default\">Seminars<\/span>\t\t\t\t<\/div>\n\t\t\t\t<\/div>\n\t\t<a class=\"elementor-element elementor-element-8044084 e-con-full common-cta-container e-flex e-con e-child\" data-id=\"8044084\" data-element_type=\"container\" data-e-type=\"container\" href=\"https:\/\/www.lapensiondumoulin.com\/en\/seminaire\/\">\n\t\t\t\t<div class=\"elementor-element elementor-element-655d489 common-cta-text elementor-widget elementor-widget-text-editor\" data-id=\"655d489\" data-element_type=\"widget\" data-e-type=\"widget\" data-widget_type=\"text-editor.default\">\n\t\t\t\t<div class=\"elementor-widget-container\">\n\t\t\t\t\t\t\t\t\t<p>Discover<\/p>\t\t\t\t\t\t\t\t<\/div>\n\t\t\t\t<\/div>\n\t\t\t\t<\/a>\n\t\t\t\t<\/div>\n\t\t\t\t<div class=\"elementor-element elementor-element-868777b elementor-widget__width-initial elementor-widget-mobile__width-initial elementor-widget elementor-widget-image\" data-id=\"868777b\" data-element_type=\"widget\" data-e-type=\"widget\" data-widget_type=\"image.default\">\n\t\t\t\t<div class=\"elementor-widget-container\">\n\t\t\t\t\t\t\t\t\t\t\t\t\t\t\t<img fetchpriority=\"high\" decoding=\"async\" width=\"1365\" height=\"2048\" src=\"https:\/\/www.lapensiondumoulin.com\/wp-content\/uploads\/2026\/02\/restaurant-pension-du-moulin.jpg\" class=\"attachment-full size-full wp-image-2943\" alt=\"\" srcset=\"https:\/\/www.lapensiondumoulin.com\/wp-content\/uploads\/2026\/02\/restaurant-pension-du-moulin.jpg 1365w, https:\/\/www.lapensiondumoulin.com\/wp-content\/uploads\/2026\/02\/restaurant-pension-du-moulin-200x300.jpg 200w, https:\/\/www.lapensiondumoulin.com\/wp-content\/uploads\/2026\/02\/restaurant-pension-du-moulin-683x1024.jpg 683w, https:\/\/www.lapensiondumoulin.com\/wp-content\/uploads\/2026\/02\/restaurant-pension-du-moulin-768x1152.jpg 768w, https:\/\/www.lapensiondumoulin.com\/wp-content\/uploads\/2026\/02\/restaurant-pension-du-moulin-1024x1536.jpg 1024w, https:\/\/www.lapensiondumoulin.com\/wp-content\/uploads\/2026\/02\/restaurant-pension-du-moulin-8x12.jpg 8w\" sizes=\"(max-width: 1365px) 100vw, 1365px\" title=\"\">\t\t\t\t\t\t\t\t\t\t\t\t\t\t\t<\/div>\n\t\t\t\t<\/div>\n\t\t\t\t<\/div>\n\t\t<div class=\"elementor-element elementor-element-d1fe580 e-con-full e-flex e-con e-child\" data-id=\"d1fe580\" data-element_type=\"container\" data-e-type=\"container\">\n\t\t\t\t<div class=\"elementor-element elementor-element-2b75dac elementor-widget__width-initial elementor-widget elementor-widget-image\" data-id=\"2b75dac\" data-element_type=\"widget\" data-e-type=\"widget\" data-widget_type=\"image.default\">\n\t\t\t\t<div class=\"elementor-widget-container\">\n\t\t\t\t\t\t\t\t\t\t\t\t\t\t\t<img decoding=\"async\" width=\"1365\" height=\"2048\" src=\"https:\/\/www.lapensiondumoulin.com\/wp-content\/uploads\/2026\/02\/tourisme-pont-aven.jpg\" class=\"attachment-full size-full wp-image-2896\" alt=\"\" srcset=\"https:\/\/www.lapensiondumoulin.com\/wp-content\/uploads\/2026\/02\/tourisme-pont-aven.jpg 1365w, https:\/\/www.lapensiondumoulin.com\/wp-content\/uploads\/2026\/02\/tourisme-pont-aven-200x300.jpg 200w, https:\/\/www.lapensiondumoulin.com\/wp-content\/uploads\/2026\/02\/tourisme-pont-aven-683x1024.jpg 683w, https:\/\/www.lapensiondumoulin.com\/wp-content\/uploads\/2026\/02\/tourisme-pont-aven-768x1152.jpg 768w, https:\/\/www.lapensiondumoulin.com\/wp-content\/uploads\/2026\/02\/tourisme-pont-aven-1024x1536.jpg 1024w, https:\/\/www.lapensiondumoulin.com\/wp-content\/uploads\/2026\/02\/tourisme-pont-aven-8x12.jpg 8w\" sizes=\"(max-width: 1365px) 100vw, 1365px\" title=\"\">\t\t\t\t\t\t\t\t\t\t\t\t\t\t\t<\/div>\n\t\t\t\t<\/div>\n\t\t<div class=\"elementor-element elementor-element-a8d0eb1 e-con-full e-flex e-con e-child\" data-id=\"a8d0eb1\" data-element_type=\"container\" data-e-type=\"container\">\n\t\t\t\t<div class=\"elementor-element elementor-element-511e2e2 elementor-widget elementor-widget-heading\" data-id=\"511e2e2\" data-element_type=\"widget\" data-e-type=\"widget\" data-widget_type=\"heading.default\">\n\t\t\t\t<div class=\"elementor-widget-container\">\n\t\t\t\t\t<span class=\"elementor-heading-title elementor-size-default\">Tourism<\/span>\t\t\t\t<\/div>\n\t\t\t\t<\/div>\n\t\t<a class=\"elementor-element elementor-element-4ed2ac6 e-con-full common-cta-container e-flex e-con e-child\" data-id=\"4ed2ac6\" data-element_type=\"container\" data-e-type=\"container\" href=\"https:\/\/www.lapensiondumoulin.com\/en\/tourisme\/\">\n\t\t\t\t<div class=\"elementor-element elementor-element-6ecc1ad common-cta-text elementor-widget elementor-widget-text-editor\" data-id=\"6ecc1ad\" data-element_type=\"widget\" data-e-type=\"widget\" data-widget_type=\"text-editor.default\">\n\t\t\t\t<div class=\"elementor-widget-container\">\n\t\t\t\t\t\t\t\t\t<p>Discover<\/p>\t\t\t\t\t\t\t\t<\/div>\n\t\t\t\t<\/div>\n\t\t\t\t<\/a>\n\t\t\t\t<\/div>\n\t\t\t\t<\/div>\n\t\t<div class=\"elementor-element elementor-element-84384cd e-con-full e-flex e-con e-child\" data-id=\"84384cd\" data-element_type=\"container\" data-e-type=\"container\">\n\t\t<div class=\"elementor-element elementor-element-dde0e5f e-con-full e-flex e-con e-child\" data-id=\"dde0e5f\" data-element_type=\"container\" data-e-type=\"container\">\n\t\t\t\t<div class=\"elementor-element elementor-element-0a2b679 elementor-widget elementor-widget-heading\" data-id=\"0a2b679\" data-element_type=\"widget\" data-e-type=\"widget\" data-widget_type=\"heading.default\">\n\t\t\t\t<div class=\"elementor-widget-container\">\n\t\t\t\t\t<span class=\"elementor-heading-title elementor-size-default\">Rooms<\/span>\t\t\t\t<\/div>\n\t\t\t\t<\/div>\n\t\t<a class=\"elementor-element elementor-element-c2763b4 e-con-full common-cta-container e-flex e-con e-child\" data-id=\"c2763b4\" data-element_type=\"container\" data-e-type=\"container\" href=\"https:\/\/www.lapensiondumoulin.com\/en\/chambres\/\">\n\t\t\t\t<div class=\"elementor-element elementor-element-2a0ce4e common-cta-text elementor-widget elementor-widget-text-editor\" data-id=\"2a0ce4e\" data-element_type=\"widget\" data-e-type=\"widget\" data-widget_type=\"text-editor.default\">\n\t\t\t\t<div class=\"elementor-widget-container\">\n\t\t\t\t\t\t\t\t\t<p>Discover<\/p>\t\t\t\t\t\t\t\t<\/div>\n\t\t\t\t<\/div>\n\t\t\t\t<\/a>\n\t\t\t\t<\/div>\n\t\t\t\t<div class=\"elementor-element elementor-element-a126514 elementor-widget__width-initial elementor-widget elementor-widget-image\" data-id=\"a126514\" data-element_type=\"widget\" data-e-type=\"widget\" data-widget_type=\"image.default\">\n\t\t\t\t<div class=\"elementor-widget-container\">\n\t\t\t\t\t\t\t\t\t\t\t\t\t\t\t<img decoding=\"async\" width=\"1365\" height=\"2048\" src=\"https:\/\/www.lapensiondumoulin.com\/wp-content\/uploads\/2026\/02\/close-up-chambre.jpg\" class=\"attachment-full size-full wp-image-2934\" alt=\"\" srcset=\"https:\/\/www.lapensiondumoulin.com\/wp-content\/uploads\/2026\/02\/close-up-chambre.jpg 1365w, https:\/\/www.lapensiondumoulin.com\/wp-content\/uploads\/2026\/02\/close-up-chambre-200x300.jpg 200w, https:\/\/www.lapensiondumoulin.com\/wp-content\/uploads\/2026\/02\/close-up-chambre-683x1024.jpg 683w, https:\/\/www.lapensiondumoulin.com\/wp-content\/uploads\/2026\/02\/close-up-chambre-768x1152.jpg 768w, https:\/\/www.lapensiondumoulin.com\/wp-content\/uploads\/2026\/02\/close-up-chambre-1024x1536.jpg 1024w, https:\/\/www.lapensiondumoulin.com\/wp-content\/uploads\/2026\/02\/close-up-chambre-8x12.jpg 8w\" sizes=\"(max-width: 1365px) 100vw, 1365px\" title=\"\">\t\t\t\t\t\t\t\t\t\t\t\t\t\t\t<\/div>\n\t\t\t\t<\/div>\n\t\t\t\t<\/div>\n\t\t\t\t\t<\/div>\n\t\t\t\t<\/div>\n\t\t\t\t<\/div>","protected":false},"excerpt":{"rendered":"<p>L&rsquo;agenda de la Pension du Moulin Vivez de beaux \u00e9v\u00e9nements dans le finist\u00e8re Moments choisis, \u00e9motions partag\u00e9es \u00c0 Pont-Aven, La Pension du Moulin s\u2019appr\u00eate \u00e0 faire vivre son esprit maison au fil d\u2019\u00e9v\u00e9nements ouverts, culturels et conviviaux. Fid\u00e8le \u00e0 l\u2019ADN d\u2019Ar Collection, cette adresse de caract\u00e8re accueillera bient\u00f4t des rendez-vous \u00e0 son image : simples, [&hellip;]<\/p>\n","protected":false},"author":13,"featured_media":0,"parent":0,"menu_order":0,"comment_status":"closed","ping_status":"closed","template":"","meta":{"_acf_changed":false,"inline_featured_image":false,"footnotes":""},"class_list":["post-332","page","type-page","status-publish","hentry"],"acf":[],"_links":{"self":[{"href":"https:\/\/www.lapensiondumoulin.com\/en\/wp-json\/wp\/v2\/pages\/332","targetHints":{"allow":["GET"]}}],"collection":[{"href":"https:\/\/www.lapensiondumoulin.com\/en\/wp-json\/wp\/v2\/pages"}],"about":[{"href":"https:\/\/www.lapensiondumoulin.com\/en\/wp-json\/wp\/v2\/types\/page"}],"author":[{"embeddable":true,"href":"https:\/\/www.lapensiondumoulin.com\/en\/wp-json\/wp\/v2\/users\/13"}],"replies":[{"embeddable":true,"href":"https:\/\/www.lapensiondumoulin.com\/en\/wp-json\/wp\/v2\/comments?post=332"}],"version-history":[{"count":40,"href":"https:\/\/www.lapensiondumoulin.com\/en\/wp-json\/wp\/v2\/pages\/332\/revisions"}],"predecessor-version":[{"id":3047,"href":"https:\/\/www.lapensiondumoulin.com\/en\/wp-json\/wp\/v2\/pages\/332\/revisions\/3047"}],"wp:attachment":[{"href":"https:\/\/www.lapensiondumoulin.com\/en\/wp-json\/wp\/v2\/media?parent=332"}],"curies":[{"name":"wp","href":"https:\/\/api.w.org\/{rel}","templated":true}]}}