{"id":257,"date":"2026-01-13T10:35:35","date_gmt":"2026-01-13T09:35:35","guid":{"rendered":"https:\/\/www.lapensiondumoulin.com\/?page_id=257"},"modified":"2026-03-04T11:36:12","modified_gmt":"2026-03-04T10:36:12","slug":"tourism","status":"publish","type":"page","link":"https:\/\/www.lapensiondumoulin.com\/en\/tourisme\/","title":{"rendered":"Tourism"},"content":{"rendered":"<div data-elementor-type=\"wp-page\" data-elementor-id=\"257\" class=\"elementor elementor-257\" data-elementor-post-type=\"page\">\n\t\t\t\t<div class=\"elementor-element elementor-element-9f88e4d e-flex e-con-boxed e-con e-parent\" data-id=\"9f88e4d\" data-element_type=\"container\" data-e-type=\"container\" data-settings=\"{&quot;background_background&quot;:&quot;classic&quot;}\">\n\t\t\t\t\t<div class=\"e-con-inner\">\n\t\t<div class=\"elementor-element elementor-element-0e433d0 e-con-full e-flex e-con e-child\" data-id=\"0e433d0\" data-element_type=\"container\" data-e-type=\"container\">\n\t\t\t\t<div class=\"elementor-element elementor-element-a89ffb9 elementor-widget elementor-widget-text-editor\" data-id=\"a89ffb9\" data-element_type=\"widget\" data-e-type=\"widget\" data-widget_type=\"text-editor.default\">\n\t\t\t\t<div class=\"elementor-widget-container\">\n\t\t\t\t\t\t\t\t\t<p>The destination<\/p>\t\t\t\t\t\t\t\t<\/div>\n\t\t\t\t<\/div>\n\t\t\t\t<div class=\"elementor-element elementor-element-850d69e elementor-widget elementor-widget-heading\" data-id=\"850d69e\" data-element_type=\"widget\" data-e-type=\"widget\" data-widget_type=\"heading.default\">\n\t\t\t\t<div class=\"elementor-widget-container\">\n\t\t\t\t\t<h1 class=\"elementor-heading-title elementor-size-default\">What to do in Pont-Aven<\/h1>\t\t\t\t<\/div>\n\t\t\t\t<\/div>\n\t\t\t\t<div class=\"elementor-element elementor-element-f54d3fb hero-arrow elementor-view-default elementor-widget elementor-widget-icon\" data-id=\"f54d3fb\" data-element_type=\"widget\" data-e-type=\"widget\" data-widget_type=\"icon.default\">\n\t\t\t\t<div class=\"elementor-widget-container\">\n\t\t\t\t\t\t\t<div class=\"elementor-icon-wrapper\">\n\t\t\t<a class=\"elementor-icon\" href=\"#introduction\">\n\t\t\t<svg xmlns=\"http:\/\/www.w3.org\/2000\/svg\" width=\"15\" height=\"8\" viewbox=\"0 0 15 8\" fill=\"none\"><path d=\"M0.5 0.5L7.02174 7.02174L13.5435 0.5\" stroke=\"white\" stroke-linecap=\"round\"><\/path><\/svg>\t\t\t<\/a>\n\t\t<\/div>\n\t\t\t\t\t\t<\/div>\n\t\t\t\t<\/div>\n\t\t\t\t<\/div>\n\t\t\t\t\t<\/div>\n\t\t\t\t<\/div>\n\t\t<div class=\"elementor-element elementor-element-43b7287 e-flex e-con-boxed e-con e-parent\" data-id=\"43b7287\" data-element_type=\"container\" data-e-type=\"container\" id=\"introduction\">\n\t\t\t\t\t<div class=\"e-con-inner\">\n\t\t<div class=\"elementor-element elementor-element-5a42172 e-con-full e-flex e-con e-child\" data-id=\"5a42172\" data-element_type=\"container\" data-e-type=\"container\">\n\t\t\t\t<div class=\"elementor-element elementor-element-6a48502 animated-phrase elementor-widget elementor-widget-heading\" data-id=\"6a48502\" data-element_type=\"widget\" data-e-type=\"widget\" data-widget_type=\"heading.default\">\n\t\t\t\t<div class=\"elementor-widget-container\">\n\t\t\t\t\t<h2 class=\"elementor-heading-title elementor-size-default\">What to do in Pont-Aven Follow in the footsteps of artists, and more\n<\/h2>\t\t\t\t<\/div>\n\t\t\t\t<\/div>\n\t\t\t\t<\/div>\n\t\t<div class=\"elementor-element elementor-element-c55f372 e-con-full e-flex e-con e-child\" data-id=\"c55f372\" data-element_type=\"container\" data-e-type=\"container\">\n\t\t\t\t<div class=\"elementor-element elementor-element-cbcaf42 elementor-widget elementor-widget-text-editor\" data-id=\"cbcaf42\" data-element_type=\"widget\" data-e-type=\"widget\" data-widget_type=\"text-editor.default\">\n\t\t\t\t<div class=\"elementor-widget-container\">\n\t\t\t\t\t\t\t\t\t<p>Pont-Aven invites you to stroll and contemplate. From the famous museum to the art galleries, from the banks of the Aven to the wooded paths, the city of painters offers a thousand ways to marvel. A few kilometers away, discover Concarneau, its walled town and port, or set sail for the Gl\u00e9nan archipelago. So many treasures to explore, between nature, culture and the light of southern Brittany.<\/p><p>\u00a0<\/p>\t\t\t\t\t\t\t\t<\/div>\n\t\t\t\t<\/div>\n\t\t\t\t<\/div>\n\t\t\t\t\t<\/div>\n\t\t\t\t<\/div>\n\t\t<div class=\"elementor-element elementor-element-8b1eee6 domaine-section_activites e-flex e-con-boxed e-con e-parent\" data-id=\"8b1eee6\" data-element_type=\"container\" data-e-type=\"container\">\n\t\t\t\t\t<div class=\"e-con-inner\">\n\t\t<div class=\"elementor-element elementor-element-cca2f58 e-con-full e-flex e-con e-child\" data-id=\"cca2f58\" data-element_type=\"container\" data-e-type=\"container\">\n\t\t\t\t<div class=\"elementor-element elementor-element-6d6a4f6 elementor-widget elementor-widget-heading\" data-id=\"6d6a4f6\" data-element_type=\"widget\" data-e-type=\"widget\" data-widget_type=\"heading.default\">\n\t\t\t\t<div class=\"elementor-widget-container\">\n\t\t\t\t\t<span class=\"elementor-heading-title elementor-size-default\">Discover the destination<\/span>\t\t\t\t<\/div>\n\t\t\t\t<\/div>\n\t\t\t\t<div class=\"elementor-element elementor-element-ee6e151 elementor-widget elementor-widget-heading\" data-id=\"ee6e151\" data-element_type=\"widget\" data-e-type=\"widget\" data-widget_type=\"heading.default\">\n\t\t\t\t<div class=\"elementor-widget-container\">\n\t\t\t\t\t<h2 class=\"elementor-heading-title elementor-size-default\">Pont-Aven<\/h2>\t\t\t\t<\/div>\n\t\t\t\t<\/div>\n\t\t\t\t<\/div>\n\t\t<div class=\"elementor-element elementor-element-9636bb8 e-grid e-con-full activites-grille e-con e-child\" data-id=\"9636bb8\" data-element_type=\"container\" data-e-type=\"container\">\n\t\t<div class=\"elementor-element elementor-element-1e9b82e e-con-full activite-item e-flex e-con e-child\" data-id=\"1e9b82e\" data-element_type=\"container\" data-e-type=\"container\" data-settings=\"{&quot;background_background&quot;:&quot;classic&quot;}\">\n\t\t\t\t<div class=\"elementor-element elementor-element-0e0920e elementor-widget elementor-widget-heading\" data-id=\"0e0920e\" data-element_type=\"widget\" data-e-type=\"widget\" data-widget_type=\"heading.default\">\n\t\t\t\t<div class=\"elementor-widget-container\">\n\t\t\t\t\t<h2 class=\"elementor-heading-title elementor-size-default\">Pont-Aven Museum<\/h2>\t\t\t\t<\/div>\n\t\t\t\t<\/div>\n\t\t<div class=\"elementor-element elementor-element-521dc33 e-con-full wrapper-txt-hover e-flex e-con e-child\" data-id=\"521dc33\" data-element_type=\"container\" data-e-type=\"container\">\n\t\t\t\t<div class=\"elementor-element elementor-element-82ee308 elementor-widget__width-initial elementor-widget elementor-widget-text-editor\" data-id=\"82ee308\" data-element_type=\"widget\" data-e-type=\"widget\" data-widget_type=\"text-editor.default\">\n\t\t\t\t<div class=\"elementor-widget-container\">\n\t\t\t\t\t\t\t\t\t<p>Discover the vibrant history of the Pont-Aven School in a museum where art and light have been in dialogue for over a century.<\/p>\t\t\t\t\t\t\t\t<\/div>\n\t\t\t\t<\/div>\n\t\t<a class=\"elementor-element elementor-element-db51189 e-con-full common-cta-container btn_white e-flex e-con e-child\" data-id=\"db51189\" data-element_type=\"container\" data-e-type=\"container\" href=\"https:\/\/www.lapensiondumoulin.com\/en\/tourisme\/musee-de-pont-aven\/\">\n\t\t\t\t<div class=\"elementor-element elementor-element-099b211 common-cta-text elementor-widget elementor-widget-text-editor\" data-id=\"099b211\" data-element_type=\"widget\" data-e-type=\"widget\" data-widget_type=\"text-editor.default\">\n\t\t\t\t<div class=\"elementor-widget-container\">\n\t\t\t\t\t\t\t\t\t<p>Discover<\/p>\t\t\t\t\t\t\t\t<\/div>\n\t\t\t\t<\/div>\n\t\t\t\t<\/a>\n\t\t\t\t<\/div>\n\t\t\t\t<\/div>\n\t\t<div class=\"elementor-element elementor-element-ec231e3 e-con-full activite-item e-flex e-con e-child\" data-id=\"ec231e3\" data-element_type=\"container\" data-e-type=\"container\" data-settings=\"{&quot;background_background&quot;:&quot;classic&quot;}\">\n\t\t\t\t<div class=\"elementor-element elementor-element-89c9482 elementor-widget elementor-widget-heading\" data-id=\"89c9482\" data-element_type=\"widget\" data-e-type=\"widget\" data-widget_type=\"heading.default\">\n\t\t\t\t<div class=\"elementor-widget-container\">\n\t\t\t\t\t<h2 class=\"elementor-heading-title elementor-size-default\">The city of painters<\/h2>\t\t\t\t<\/div>\n\t\t\t\t<\/div>\n\t\t<div class=\"elementor-element elementor-element-0bdb1d1 e-con-full wrapper-txt-hover e-flex e-con e-child\" data-id=\"0bdb1d1\" data-element_type=\"container\" data-e-type=\"container\">\n\t\t\t\t<div class=\"elementor-element elementor-element-4d81028 elementor-widget__width-initial elementor-widget elementor-widget-text-editor\" data-id=\"4d81028\" data-element_type=\"widget\" data-e-type=\"widget\" data-widget_type=\"text-editor.default\">\n\t\t\t\t<div class=\"elementor-widget-container\">\n\t\t\t\t\t\t\t\t\t<p>Stroll through a workshop-city where every street, every shop window and every workshop perpetuates the creative spirit of the great masters.<\/p>\t\t\t\t\t\t\t\t<\/div>\n\t\t\t\t<\/div>\n\t\t<a class=\"elementor-element elementor-element-fe01a0b e-con-full common-cta-container btn_white e-flex e-con e-child\" data-id=\"fe01a0b\" data-element_type=\"container\" data-e-type=\"container\" href=\"https:\/\/www.lapensiondumoulin.com\/en\/tourisme\/la-cite-des-peintres\/\">\n\t\t\t\t<div class=\"elementor-element elementor-element-7ac46b9 common-cta-text elementor-widget elementor-widget-text-editor\" data-id=\"7ac46b9\" data-element_type=\"widget\" data-e-type=\"widget\" data-widget_type=\"text-editor.default\">\n\t\t\t\t<div class=\"elementor-widget-container\">\n\t\t\t\t\t\t\t\t\t<p>Discover<\/p>\t\t\t\t\t\t\t\t<\/div>\n\t\t\t\t<\/div>\n\t\t\t\t<\/a>\n\t\t\t\t<\/div>\n\t\t\t\t<\/div>\n\t\t<div class=\"elementor-element elementor-element-fa91c03 e-con-full activite-item e-flex e-con e-child\" data-id=\"fa91c03\" data-element_type=\"container\" data-e-type=\"container\" data-settings=\"{&quot;background_background&quot;:&quot;classic&quot;}\">\n\t\t\t\t<div class=\"elementor-element elementor-element-abc4b6f elementor-widget elementor-widget-heading\" data-id=\"abc4b6f\" data-element_type=\"widget\" data-e-type=\"widget\" data-widget_type=\"heading.default\">\n\t\t\t\t<div class=\"elementor-widget-container\">\n\t\t\t\t\t<h2 class=\"elementor-heading-title elementor-size-default\">Walks along the Aven\n\n<\/h2>\t\t\t\t<\/div>\n\t\t\t\t<\/div>\n\t\t<div class=\"elementor-element elementor-element-c5f2dcc e-con-full wrapper-txt-hover e-flex e-con e-child\" data-id=\"c5f2dcc\" data-element_type=\"container\" data-e-type=\"container\">\n\t\t\t\t<div class=\"elementor-element elementor-element-f6cac2b elementor-widget__width-initial elementor-widget elementor-widget-text-editor\" data-id=\"f6cac2b\" data-element_type=\"widget\" data-e-type=\"widget\" data-widget_type=\"text-editor.default\">\n\t\t\t\t<div class=\"elementor-widget-container\">\n\t\t\t\t\t\t\t\t\t<p>Let yourself be guided by the river and its poetic landscapes, an eternal source of inspiration for artists and travelers alike.<\/p>\t\t\t\t\t\t\t\t<\/div>\n\t\t\t\t<\/div>\n\t\t<a class=\"elementor-element elementor-element-336f95c e-con-full common-cta-container btn_white e-flex e-con e-child\" data-id=\"336f95c\" data-element_type=\"container\" data-e-type=\"container\" href=\"https:\/\/www.lapensiondumoulin.com\/en\/tourisme\/promenades-le-long-de-laven\/\">\n\t\t\t\t<div class=\"elementor-element elementor-element-a8d9971 common-cta-text elementor-widget elementor-widget-text-editor\" data-id=\"a8d9971\" data-element_type=\"widget\" data-e-type=\"widget\" data-widget_type=\"text-editor.default\">\n\t\t\t\t<div class=\"elementor-widget-container\">\n\t\t\t\t\t\t\t\t\t<p>Discover<\/p>\t\t\t\t\t\t\t\t<\/div>\n\t\t\t\t<\/div>\n\t\t\t\t<\/a>\n\t\t\t\t<\/div>\n\t\t\t\t<\/div>\n\t\t<div class=\"elementor-element elementor-element-c0a666e e-con-full activite-item e-flex e-con e-child\" data-id=\"c0a666e\" data-element_type=\"container\" data-e-type=\"container\" data-settings=\"{&quot;background_background&quot;:&quot;classic&quot;}\">\n\t\t\t\t<div class=\"elementor-element elementor-element-8a22f3d elementor-widget elementor-widget-heading\" data-id=\"8a22f3d\" data-element_type=\"widget\" data-e-type=\"widget\" data-widget_type=\"heading.default\">\n\t\t\t\t<div class=\"elementor-widget-container\">\n\t\t\t\t\t<h2 class=\"elementor-heading-title elementor-size-default\">Concarneau<\/h2>\t\t\t\t<\/div>\n\t\t\t\t<\/div>\n\t\t<div class=\"elementor-element elementor-element-9454a42 e-con-full wrapper-txt-hover e-flex e-con e-child\" data-id=\"9454a42\" data-element_type=\"container\" data-e-type=\"container\">\n\t\t\t\t<div class=\"elementor-element elementor-element-97aca4d elementor-widget__width-initial elementor-widget elementor-widget-text-editor\" data-id=\"97aca4d\" data-element_type=\"widget\" data-e-type=\"widget\" data-widget_type=\"text-editor.default\">\n\t\t\t\t<div class=\"elementor-widget-container\">\n\t\t\t\t\t\t\t\t\t<p>Discover an emblematic maritime city, between ramparts, ocean and the living heritage of southern Brittany.<\/p>\t\t\t\t\t\t\t\t<\/div>\n\t\t\t\t<\/div>\n\t\t<a class=\"elementor-element elementor-element-e8608d9 e-con-full common-cta-container btn_white e-flex e-con e-child\" data-id=\"e8608d9\" data-element_type=\"container\" data-e-type=\"container\" href=\"https:\/\/www.lapensiondumoulin.com\/en\/tourisme\/concarneau\/\">\n\t\t\t\t<div class=\"elementor-element elementor-element-1f43afa common-cta-text elementor-widget elementor-widget-text-editor\" data-id=\"1f43afa\" data-element_type=\"widget\" data-e-type=\"widget\" data-widget_type=\"text-editor.default\">\n\t\t\t\t<div class=\"elementor-widget-container\">\n\t\t\t\t\t\t\t\t\t<p>Discover<\/p>\t\t\t\t\t\t\t\t<\/div>\n\t\t\t\t<\/div>\n\t\t\t\t<\/a>\n\t\t\t\t<\/div>\n\t\t\t\t<\/div>\n\t\t<div class=\"elementor-element elementor-element-f61a520 e-con-full activite-item e-flex e-con e-child\" data-id=\"f61a520\" data-element_type=\"container\" data-e-type=\"container\" data-settings=\"{&quot;background_background&quot;:&quot;classic&quot;}\">\n\t\t\t\t<div class=\"elementor-element elementor-element-5ea9e39 elementor-widget elementor-widget-heading\" data-id=\"5ea9e39\" data-element_type=\"widget\" data-e-type=\"widget\" data-widget_type=\"heading.default\">\n\t\t\t\t<div class=\"elementor-widget-container\">\n\t\t\t\t\t<h2 class=\"elementor-heading-title elementor-size-default\">The Gl\u00e9nan archipelago<\/h2>\t\t\t\t<\/div>\n\t\t\t\t<\/div>\n\t\t<div class=\"elementor-element elementor-element-15022d5 e-con-full wrapper-txt-hover e-flex e-con e-child\" data-id=\"15022d5\" data-element_type=\"container\" data-e-type=\"container\">\n\t\t\t\t<div class=\"elementor-element elementor-element-82f64a7 elementor-widget__width-initial elementor-widget elementor-widget-text-editor\" data-id=\"82f64a7\" data-element_type=\"widget\" data-e-type=\"widget\" data-widget_type=\"text-editor.default\">\n\t\t\t\t<div class=\"elementor-widget-container\">\n\t\t\t\t\t\t\t\t\t<p>Set course for a Breton paradise of turquoise waters, an unspoilt archipelago that invites you to take a break and contemplate.<\/p>\t\t\t\t\t\t\t\t<\/div>\n\t\t\t\t<\/div>\n\t\t<a class=\"elementor-element elementor-element-1c114eb e-con-full common-cta-container btn_white e-flex e-con e-child\" data-id=\"1c114eb\" data-element_type=\"container\" data-e-type=\"container\" href=\"https:\/\/www.lapensiondumoulin.com\/en\/tourisme\/larchipel-des-glenan\/\">\n\t\t\t\t<div class=\"elementor-element elementor-element-9978abf common-cta-text elementor-widget elementor-widget-text-editor\" data-id=\"9978abf\" data-element_type=\"widget\" data-e-type=\"widget\" data-widget_type=\"text-editor.default\">\n\t\t\t\t<div class=\"elementor-widget-container\">\n\t\t\t\t\t\t\t\t\t<p>Discover<\/p>\t\t\t\t\t\t\t\t<\/div>\n\t\t\t\t<\/div>\n\t\t\t\t<\/a>\n\t\t\t\t<\/div>\n\t\t\t\t<\/div>\n\t\t\t\t<\/div>\n\t\t\t\t\t<\/div>\n\t\t\t\t<\/div>\n\t\t<div class=\"elementor-element elementor-element-0ce97da e-flex e-con-boxed e-con e-parent\" data-id=\"0ce97da\" data-element_type=\"container\" data-e-type=\"container\">\n\t\t\t\t\t<div class=\"e-con-inner\">\n\t\t<div class=\"elementor-element elementor-element-741e975 e-con-full e-flex e-con e-child\" data-id=\"741e975\" data-element_type=\"container\" data-e-type=\"container\">\n\t\t<div class=\"elementor-element elementor-element-9944556 e-con-full e-flex e-con e-child\" data-id=\"9944556\" data-element_type=\"container\" data-e-type=\"container\">\n\t\t\t\t<div class=\"elementor-element elementor-element-4805564 elementor-widget elementor-widget-heading\" data-id=\"4805564\" data-element_type=\"widget\" data-e-type=\"widget\" data-widget_type=\"heading.default\">\n\t\t\t\t<div class=\"elementor-widget-container\">\n\t\t\t\t\t<span class=\"elementor-heading-title elementor-size-default\">Restaurant<\/span>\t\t\t\t<\/div>\n\t\t\t\t<\/div>\n\t\t<a class=\"elementor-element elementor-element-7f9f949 e-con-full common-cta-container e-flex e-con e-child\" data-id=\"7f9f949\" data-element_type=\"container\" data-e-type=\"container\" href=\"https:\/\/www.lapensiondumoulin.com\/en\/restaurant\/\">\n\t\t\t\t<div class=\"elementor-element elementor-element-1bfb003 common-cta-text elementor-widget elementor-widget-text-editor\" data-id=\"1bfb003\" data-element_type=\"widget\" data-e-type=\"widget\" data-widget_type=\"text-editor.default\">\n\t\t\t\t<div class=\"elementor-widget-container\">\n\t\t\t\t\t\t\t\t\t<p>Discover<\/p>\t\t\t\t\t\t\t\t<\/div>\n\t\t\t\t<\/div>\n\t\t\t\t<\/a>\n\t\t\t\t<\/div>\n\t\t\t\t<div class=\"elementor-element elementor-element-b725e7c elementor-widget__width-initial elementor-widget-mobile__width-initial elementor-widget elementor-widget-image\" data-id=\"b725e7c\" data-element_type=\"widget\" data-e-type=\"widget\" data-widget_type=\"image.default\">\n\t\t\t\t<div class=\"elementor-widget-container\">\n\t\t\t\t\t\t\t\t\t\t\t\t\t\t\t<img fetchpriority=\"high\" decoding=\"async\" width=\"1365\" height=\"2048\" src=\"https:\/\/www.lapensiondumoulin.com\/wp-content\/uploads\/2026\/02\/plat-foie-gras.jpg\" class=\"attachment-full size-full wp-image-2941\" alt=\"\" srcset=\"https:\/\/www.lapensiondumoulin.com\/wp-content\/uploads\/2026\/02\/plat-foie-gras.jpg 1365w, https:\/\/www.lapensiondumoulin.com\/wp-content\/uploads\/2026\/02\/plat-foie-gras-200x300.jpg 200w, https:\/\/www.lapensiondumoulin.com\/wp-content\/uploads\/2026\/02\/plat-foie-gras-683x1024.jpg 683w, https:\/\/www.lapensiondumoulin.com\/wp-content\/uploads\/2026\/02\/plat-foie-gras-768x1152.jpg 768w, https:\/\/www.lapensiondumoulin.com\/wp-content\/uploads\/2026\/02\/plat-foie-gras-1024x1536.jpg 1024w, https:\/\/www.lapensiondumoulin.com\/wp-content\/uploads\/2026\/02\/plat-foie-gras-8x12.jpg 8w\" sizes=\"(max-width: 1365px) 100vw, 1365px\" title=\"\">\t\t\t\t\t\t\t\t\t\t\t\t\t\t\t<\/div>\n\t\t\t\t<\/div>\n\t\t\t\t<\/div>\n\t\t<div class=\"elementor-element elementor-element-9c70fa3 e-con-full e-flex e-con e-child\" data-id=\"9c70fa3\" data-element_type=\"container\" data-e-type=\"container\">\n\t\t\t\t<div class=\"elementor-element elementor-element-db0b11f elementor-widget__width-initial elementor-widget elementor-widget-image\" data-id=\"db0b11f\" data-element_type=\"widget\" data-e-type=\"widget\" data-widget_type=\"image.default\">\n\t\t\t\t<div class=\"elementor-widget-container\">\n\t\t\t\t\t\t\t\t\t\t\t\t\t\t\t<img decoding=\"async\" width=\"1365\" height=\"2048\" src=\"https:\/\/www.lapensiondumoulin.com\/wp-content\/uploads\/2026\/02\/salle-pont-aven-pension-du-moulin.jpg\" class=\"attachment-full size-full wp-image-2961\" alt=\"\" srcset=\"https:\/\/www.lapensiondumoulin.com\/wp-content\/uploads\/2026\/02\/salle-pont-aven-pension-du-moulin.jpg 1365w, https:\/\/www.lapensiondumoulin.com\/wp-content\/uploads\/2026\/02\/salle-pont-aven-pension-du-moulin-200x300.jpg 200w, https:\/\/www.lapensiondumoulin.com\/wp-content\/uploads\/2026\/02\/salle-pont-aven-pension-du-moulin-683x1024.jpg 683w, https:\/\/www.lapensiondumoulin.com\/wp-content\/uploads\/2026\/02\/salle-pont-aven-pension-du-moulin-768x1152.jpg 768w, https:\/\/www.lapensiondumoulin.com\/wp-content\/uploads\/2026\/02\/salle-pont-aven-pension-du-moulin-1024x1536.jpg 1024w, https:\/\/www.lapensiondumoulin.com\/wp-content\/uploads\/2026\/02\/salle-pont-aven-pension-du-moulin-8x12.jpg 8w\" sizes=\"(max-width: 1365px) 100vw, 1365px\" title=\"\">\t\t\t\t\t\t\t\t\t\t\t\t\t\t\t<\/div>\n\t\t\t\t<\/div>\n\t\t<div class=\"elementor-element elementor-element-49acbc1 e-con-full e-flex e-con e-child\" data-id=\"49acbc1\" data-element_type=\"container\" data-e-type=\"container\">\n\t\t\t\t<div class=\"elementor-element elementor-element-a1576aa elementor-widget elementor-widget-heading\" data-id=\"a1576aa\" data-element_type=\"widget\" data-e-type=\"widget\" data-widget_type=\"heading.default\">\n\t\t\t\t<div class=\"elementor-widget-container\">\n\t\t\t\t\t<span class=\"elementor-heading-title elementor-size-default\">Seminars<\/span>\t\t\t\t<\/div>\n\t\t\t\t<\/div>\n\t\t<a class=\"elementor-element elementor-element-9056049 e-con-full common-cta-container e-flex e-con e-child\" data-id=\"9056049\" data-element_type=\"container\" data-e-type=\"container\" href=\"https:\/\/www.lapensiondumoulin.com\/en\/seminaire\/\">\n\t\t\t\t<div class=\"elementor-element elementor-element-c00ae59 common-cta-text elementor-widget elementor-widget-text-editor\" data-id=\"c00ae59\" data-element_type=\"widget\" data-e-type=\"widget\" data-widget_type=\"text-editor.default\">\n\t\t\t\t<div class=\"elementor-widget-container\">\n\t\t\t\t\t\t\t\t\t<p>Discover<\/p>\t\t\t\t\t\t\t\t<\/div>\n\t\t\t\t<\/div>\n\t\t\t\t<\/a>\n\t\t\t\t<\/div>\n\t\t\t\t<\/div>\n\t\t<div class=\"elementor-element elementor-element-bf2d516 e-con-full e-flex e-con e-child\" data-id=\"bf2d516\" data-element_type=\"container\" data-e-type=\"container\">\n\t\t<div class=\"elementor-element elementor-element-9f109e3 e-con-full e-flex e-con e-child\" data-id=\"9f109e3\" data-element_type=\"container\" data-e-type=\"container\">\n\t\t\t\t<div class=\"elementor-element elementor-element-f451135 elementor-widget elementor-widget-heading\" data-id=\"f451135\" data-element_type=\"widget\" data-e-type=\"widget\" data-widget_type=\"heading.default\">\n\t\t\t\t<div class=\"elementor-widget-container\">\n\t\t\t\t\t<span class=\"elementor-heading-title elementor-size-default\">Rooms<\/span>\t\t\t\t<\/div>\n\t\t\t\t<\/div>\n\t\t<a class=\"elementor-element elementor-element-d3932f0 e-con-full common-cta-container e-flex e-con e-child\" data-id=\"d3932f0\" data-element_type=\"container\" data-e-type=\"container\" href=\"https:\/\/www.lapensiondumoulin.com\/en\/chambres\/\">\n\t\t\t\t<div class=\"elementor-element elementor-element-2be0817 common-cta-text elementor-widget elementor-widget-text-editor\" data-id=\"2be0817\" data-element_type=\"widget\" data-e-type=\"widget\" data-widget_type=\"text-editor.default\">\n\t\t\t\t<div class=\"elementor-widget-container\">\n\t\t\t\t\t\t\t\t\t<p>Discover<\/p>\t\t\t\t\t\t\t\t<\/div>\n\t\t\t\t<\/div>\n\t\t\t\t<\/a>\n\t\t\t\t<\/div>\n\t\t\t\t<div class=\"elementor-element elementor-element-b70f294 elementor-widget__width-initial elementor-widget elementor-widget-image\" data-id=\"b70f294\" data-element_type=\"widget\" data-e-type=\"widget\" data-widget_type=\"image.default\">\n\t\t\t\t<div class=\"elementor-widget-container\">\n\t\t\t\t\t\t\t\t\t\t\t\t\t\t\t<img decoding=\"async\" width=\"1365\" height=\"2048\" src=\"https:\/\/www.lapensiondumoulin.com\/wp-content\/uploads\/2026\/02\/chambre-double-confort-1.jpg\" class=\"attachment-full size-full wp-image-2911\" alt=\"\" srcset=\"https:\/\/www.lapensiondumoulin.com\/wp-content\/uploads\/2026\/02\/chambre-double-confort-1.jpg 1365w, https:\/\/www.lapensiondumoulin.com\/wp-content\/uploads\/2026\/02\/chambre-double-confort-1-200x300.jpg 200w, https:\/\/www.lapensiondumoulin.com\/wp-content\/uploads\/2026\/02\/chambre-double-confort-1-683x1024.jpg 683w, https:\/\/www.lapensiondumoulin.com\/wp-content\/uploads\/2026\/02\/chambre-double-confort-1-768x1152.jpg 768w, https:\/\/www.lapensiondumoulin.com\/wp-content\/uploads\/2026\/02\/chambre-double-confort-1-1024x1536.jpg 1024w, https:\/\/www.lapensiondumoulin.com\/wp-content\/uploads\/2026\/02\/chambre-double-confort-1-8x12.jpg 8w\" sizes=\"(max-width: 1365px) 100vw, 1365px\" title=\"\">\t\t\t\t\t\t\t\t\t\t\t\t\t\t\t<\/div>\n\t\t\t\t<\/div>\n\t\t\t\t<\/div>\n\t\t\t\t\t<\/div>\n\t\t\t\t<\/div>\n\t\t\t\t<\/div>","protected":false},"excerpt":{"rendered":"<p>La destination Que faire \u00e0 Pont-Aven ? Que faire \u00e0 Pont-Aven ? Suivre les pas des artistes, et plus encore Pont-Aven invite \u00e0 la fl\u00e2nerie et \u00e0 la contemplation. Du c\u00e9l\u00e8bre mus\u00e9e aux galeries d\u2019art, des berges de l\u2019Aven aux sentiers bois\u00e9s, la cit\u00e9 des peintres offre mille fa\u00e7ons de s\u2019\u00e9merveiller. \u00c0 quelques kilom\u00e8tres, d\u00e9couvrez [&hellip;]<\/p>\n","protected":false},"author":13,"featured_media":0,"parent":0,"menu_order":0,"comment_status":"closed","ping_status":"closed","template":"","meta":{"_acf_changed":false,"inline_featured_image":false,"footnotes":""},"class_list":["post-257","page","type-page","status-publish","hentry"],"acf":[],"_links":{"self":[{"href":"https:\/\/www.lapensiondumoulin.com\/en\/wp-json\/wp\/v2\/pages\/257","targetHints":{"allow":["GET"]}}],"collection":[{"href":"https:\/\/www.lapensiondumoulin.com\/en\/wp-json\/wp\/v2\/pages"}],"about":[{"href":"https:\/\/www.lapensiondumoulin.com\/en\/wp-json\/wp\/v2\/types\/page"}],"author":[{"embeddable":true,"href":"https:\/\/www.lapensiondumoulin.com\/en\/wp-json\/wp\/v2\/users\/13"}],"replies":[{"embeddable":true,"href":"https:\/\/www.lapensiondumoulin.com\/en\/wp-json\/wp\/v2\/comments?post=257"}],"version-history":[{"count":73,"href":"https:\/\/www.lapensiondumoulin.com\/en\/wp-json\/wp\/v2\/pages\/257\/revisions"}],"predecessor-version":[{"id":3354,"href":"https:\/\/www.lapensiondumoulin.com\/en\/wp-json\/wp\/v2\/pages\/257\/revisions\/3354"}],"wp:attachment":[{"href":"https:\/\/www.lapensiondumoulin.com\/en\/wp-json\/wp\/v2\/media?parent=257"}],"curies":[{"name":"wp","href":"https:\/\/api.w.org\/{rel}","templated":true}]}}