{"id":1341,"date":"2026-01-27T12:09:31","date_gmt":"2026-01-27T11:09:31","guid":{"rendered":"https:\/\/www.lapensiondumoulin.com\/?page_id=1341"},"modified":"2026-02-11T12:48:24","modified_gmt":"2026-02-11T11:48:24","slug":"pont-aven-museum","status":"publish","type":"page","link":"https:\/\/www.lapensiondumoulin.com\/en\/tourisme\/musee-de-pont-aven\/","title":{"rendered":"Pont-Aven Museum"},"content":{"rendered":"<div data-elementor-type=\"wp-page\" data-elementor-id=\"1341\" class=\"elementor elementor-1341\" data-elementor-post-type=\"page\">\n\t\t\t\t<div class=\"elementor-element elementor-element-5fa51de9 e-flex e-con-boxed e-con e-parent\" data-id=\"5fa51de9\" data-element_type=\"container\" data-e-type=\"container\" data-settings=\"{&quot;background_background&quot;:&quot;classic&quot;}\">\n\t\t\t\t\t<div class=\"e-con-inner\">\n\t\t<div class=\"elementor-element elementor-element-4136ed21 e-con-full e-flex e-con e-child\" data-id=\"4136ed21\" data-element_type=\"container\" data-e-type=\"container\">\n\t\t\t\t<div class=\"elementor-element elementor-element-34984577 elementor-widget elementor-widget-text-editor\" data-id=\"34984577\" data-element_type=\"widget\" data-e-type=\"widget\" data-widget_type=\"text-editor.default\">\n\t\t\t\t<div class=\"elementor-widget-container\">\n\t\t\t\t\t\t\t\t\t<h1>Pont-Aven Museum<\/h1>\t\t\t\t\t\t\t\t<\/div>\n\t\t\t\t<\/div>\n\t\t\t\t<div class=\"elementor-element elementor-element-221f130 elementor-widget elementor-widget-heading\" data-id=\"221f130\" data-element_type=\"widget\" data-e-type=\"widget\" data-widget_type=\"heading.default\">\n\t\t\t\t<div class=\"elementor-widget-container\">\n\t\t\t\t\t<span class=\"elementor-heading-title elementor-size-default\">Activities &amp; Excursions<\/span>\t\t\t\t<\/div>\n\t\t\t\t<\/div>\n\t\t\t\t<div class=\"elementor-element elementor-element-5df59f86 hero-arrow elementor-view-default elementor-widget elementor-widget-icon\" data-id=\"5df59f86\" data-element_type=\"widget\" data-e-type=\"widget\" data-widget_type=\"icon.default\">\n\t\t\t\t<div class=\"elementor-widget-container\">\n\t\t\t\t\t\t\t<div class=\"elementor-icon-wrapper\">\n\t\t\t<a class=\"elementor-icon\" href=\"#introduction\">\n\t\t\t<svg xmlns=\"http:\/\/www.w3.org\/2000\/svg\" width=\"15\" height=\"8\" viewbox=\"0 0 15 8\" fill=\"none\"><path d=\"M0.5 0.5L7.02174 7.02174L13.5435 0.5\" stroke=\"white\" stroke-linecap=\"round\"><\/path><\/svg>\t\t\t<\/a>\n\t\t<\/div>\n\t\t\t\t\t\t<\/div>\n\t\t\t\t<\/div>\n\t\t\t\t<\/div>\n\t\t\t\t\t<\/div>\n\t\t\t\t<\/div>\n\t\t<div class=\"elementor-element elementor-element-7839eaf8 restauration-section_rotisserie global-anim_img-upwards e-flex e-con-boxed e-con e-parent\" data-id=\"7839eaf8\" data-element_type=\"container\" data-e-type=\"container\">\n\t\t\t\t\t<div class=\"e-con-inner\">\n\t\t<div class=\"elementor-element elementor-element-6db1c21a e-con-full e-flex e-con e-child\" data-id=\"6db1c21a\" data-element_type=\"container\" data-e-type=\"container\">\n\t\t<div class=\"elementor-element elementor-element-205ecbd9 e-con-full e-flex e-con e-child\" data-id=\"205ecbd9\" data-element_type=\"container\" data-e-type=\"container\">\n\t\t\t\t<div class=\"elementor-element elementor-element-4cc0d89b elementor-widget elementor-widget-heading\" data-id=\"4cc0d89b\" data-element_type=\"widget\" data-e-type=\"widget\" data-widget_type=\"heading.default\">\n\t\t\t\t<div class=\"elementor-widget-container\">\n\t\t\t\t\t<span class=\"elementor-heading-title elementor-size-default\">Art &amp; history<\/span>\t\t\t\t<\/div>\n\t\t\t\t<\/div>\n\t\t\t\t<div class=\"elementor-element elementor-element-639fa5f3 elementor-widget elementor-widget-heading\" data-id=\"639fa5f3\" data-element_type=\"widget\" data-e-type=\"widget\" data-widget_type=\"heading.default\">\n\t\t\t\t<div class=\"elementor-widget-container\">\n\t\t\t\t\t<h2 class=\"elementor-heading-title elementor-size-default\">A museum at the heart of Breton artistic history<\/h2>\t\t\t\t<\/div>\n\t\t\t\t<\/div>\n\t\t\t\t<\/div>\n\t\t\t\t<div class=\"elementor-element elementor-element-12646fa0 global-content-width elementor-widget elementor-widget-text-editor\" data-id=\"12646fa0\" data-element_type=\"widget\" data-e-type=\"widget\" data-widget_type=\"text-editor.default\">\n\t\t\t\t<div class=\"elementor-widget-container\">\n\t\t\t\t\t\t\t\t\t<p>The Mus\u00e9e de Pont-Aven retraces the artistic adventure that transformed this village into a veritable creative laboratory. Paintings, drawings, archives and temporary exhibitions tell the story of the emergence of the Pont-Aven School, led by Gauguin, S\u00e9rusier and Bernard. The site offers a sensitive immersion into the avant-garde currents born here, between color, symbolism and the quest for emotion. An essential visit to understand the artistic genesis of the region.<\/p>\t\t\t\t\t\t\t\t<\/div>\n\t\t\t\t<\/div>\n\t\t\t\t<\/div>\n\t\t\t\t<div class=\"elementor-element elementor-element-42e11f84 elementor-widget__width-initial img img-upwards elementor-widget elementor-widget-image\" data-id=\"42e11f84\" data-element_type=\"widget\" data-e-type=\"widget\" data-widget_type=\"image.default\">\n\t\t\t\t<div class=\"elementor-widget-container\">\n\t\t\t\t\t\t\t\t\t\t\t\t\t\t\t<img fetchpriority=\"high\" decoding=\"async\" width=\"1600\" height=\"1067\" src=\"https:\/\/www.lapensiondumoulin.com\/wp-content\/uploads\/2026\/02\/musee-pont-aven-1.jpg\" class=\"attachment-full size-full wp-image-2983\" alt=\"\" srcset=\"https:\/\/www.lapensiondumoulin.com\/wp-content\/uploads\/2026\/02\/musee-pont-aven-1.jpg 1600w, https:\/\/www.lapensiondumoulin.com\/wp-content\/uploads\/2026\/02\/musee-pont-aven-1-300x200.jpg 300w, https:\/\/www.lapensiondumoulin.com\/wp-content\/uploads\/2026\/02\/musee-pont-aven-1-1024x683.jpg 1024w, https:\/\/www.lapensiondumoulin.com\/wp-content\/uploads\/2026\/02\/musee-pont-aven-1-768x512.jpg 768w, https:\/\/www.lapensiondumoulin.com\/wp-content\/uploads\/2026\/02\/musee-pont-aven-1-1536x1024.jpg 1536w, https:\/\/www.lapensiondumoulin.com\/wp-content\/uploads\/2026\/02\/musee-pont-aven-1-18x12.jpg 18w\" sizes=\"(max-width: 1600px) 100vw, 1600px\" title=\"\">\t\t\t\t\t\t\t\t\t\t\t\t\t\t\t<\/div>\n\t\t\t\t<\/div>\n\t\t\t\t\t<\/div>\n\t\t\t\t<\/div>\n\t\t<div class=\"elementor-element elementor-element-7d6bc7e8 restauration-section_creperie global-anim_img-upwards e-flex e-con-boxed e-con e-parent\" data-id=\"7d6bc7e8\" data-element_type=\"container\" data-e-type=\"container\">\n\t\t\t\t\t<div class=\"e-con-inner\">\n\t\t\t\t<div class=\"elementor-element elementor-element-37bf283e elementor-widget__width-initial img img-upwards elementor-widget elementor-widget-image\" data-id=\"37bf283e\" data-element_type=\"widget\" data-e-type=\"widget\" data-widget_type=\"image.default\">\n\t\t\t\t<div class=\"elementor-widget-container\">\n\t\t\t\t\t\t\t\t\t\t\t\t\t\t\t<img decoding=\"async\" width=\"1067\" height=\"1600\" src=\"https:\/\/www.lapensiondumoulin.com\/wp-content\/uploads\/2026\/02\/exposition-musee-pont-aven.jpg\" class=\"attachment-full size-full wp-image-2981\" alt=\"\" srcset=\"https:\/\/www.lapensiondumoulin.com\/wp-content\/uploads\/2026\/02\/exposition-musee-pont-aven.jpg 1067w, https:\/\/www.lapensiondumoulin.com\/wp-content\/uploads\/2026\/02\/exposition-musee-pont-aven-200x300.jpg 200w, https:\/\/www.lapensiondumoulin.com\/wp-content\/uploads\/2026\/02\/exposition-musee-pont-aven-683x1024.jpg 683w, https:\/\/www.lapensiondumoulin.com\/wp-content\/uploads\/2026\/02\/exposition-musee-pont-aven-768x1152.jpg 768w, https:\/\/www.lapensiondumoulin.com\/wp-content\/uploads\/2026\/02\/exposition-musee-pont-aven-1024x1536.jpg 1024w, https:\/\/www.lapensiondumoulin.com\/wp-content\/uploads\/2026\/02\/exposition-musee-pont-aven-8x12.jpg 8w\" sizes=\"(max-width: 1067px) 100vw, 1067px\" title=\"\">\t\t\t\t\t\t\t\t\t\t\t\t\t\t\t<\/div>\n\t\t\t\t<\/div>\n\t\t<div class=\"elementor-element elementor-element-471a991b e-con-full e-flex e-con e-child\" data-id=\"471a991b\" data-element_type=\"container\" data-e-type=\"container\">\n\t\t<div class=\"elementor-element elementor-element-322e1c4a e-con-full e-flex e-con e-child\" data-id=\"322e1c4a\" data-element_type=\"container\" data-e-type=\"container\">\n\t\t\t\t<div class=\"elementor-element elementor-element-6a1ccac1 elementor-widget elementor-widget-heading\" data-id=\"6a1ccac1\" data-element_type=\"widget\" data-e-type=\"widget\" data-widget_type=\"heading.default\">\n\t\t\t\t<div class=\"elementor-widget-container\">\n\t\t\t\t\t<span class=\"elementor-heading-title elementor-size-default\">A lively place<\/span>\t\t\t\t<\/div>\n\t\t\t\t<\/div>\n\t\t\t\t<div class=\"elementor-element elementor-element-3e49e0ae elementor-widget elementor-widget-heading\" data-id=\"3e49e0ae\" data-element_type=\"widget\" data-e-type=\"widget\" data-widget_type=\"heading.default\">\n\t\t\t\t<div class=\"elementor-widget-container\">\n\t\t\t\t\t<h2 class=\"elementor-heading-title elementor-size-default\">a heritage on the move<\/h2>\t\t\t\t<\/div>\n\t\t\t\t<\/div>\n\t\t\t\t<\/div>\n\t\t\t\t<div class=\"elementor-element elementor-element-17c8f6e3 global-content-width elementor-widget elementor-widget-text-editor\" data-id=\"17c8f6e3\" data-element_type=\"widget\" data-e-type=\"widget\" data-widget_type=\"text-editor.default\">\n\t\t\t\t<div class=\"elementor-widget-container\">\n\t\t\t\t\t\t\t\t\t<p>Much more than a museum, it's an art house open to contemporary creation. Contemporary exhibitions, workshops, meetings and guided tours invite you to engage in a dialogue with this fascinating history. As you wander through its light-filled halls, you'll understand how Pont-Aven continues to inspire painters, photographers and travelers alike. The museum, just a stone's throw from La Pension du Moulin, is an essential stop-off point for those wishing to capture the artistic soul of the town.<\/p><p>\u00a0<\/p>\t\t\t\t\t\t\t\t<\/div>\n\t\t\t\t<\/div>\n\t\t\t\t<\/div>\n\t\t\t\t\t<\/div>\n\t\t\t\t<\/div>\n\t\t<div class=\"elementor-element elementor-element-1431815b e-flex e-con-boxed e-con e-parent\" data-id=\"1431815b\" data-element_type=\"container\" data-e-type=\"container\">\n\t\t\t\t\t<div class=\"e-con-inner\">\n\t\t<div class=\"elementor-element elementor-element-684255b4 e-con-full e-flex e-con e-child\" data-id=\"684255b4\" data-element_type=\"container\" data-e-type=\"container\">\n\t\t<div class=\"elementor-element elementor-element-210d54 e-con-full e-flex e-con e-child\" data-id=\"210d54\" data-element_type=\"container\" data-e-type=\"container\">\n\t\t\t\t<div class=\"elementor-element elementor-element-1b7250bf elementor-widget elementor-widget-heading\" data-id=\"1b7250bf\" data-element_type=\"widget\" data-e-type=\"widget\" data-widget_type=\"heading.default\">\n\t\t\t\t<div class=\"elementor-widget-container\">\n\t\t\t\t\t<span class=\"elementor-heading-title elementor-size-default\">Events<\/span>\t\t\t\t<\/div>\n\t\t\t\t<\/div>\n\t\t<a class=\"elementor-element elementor-element-75a6494d e-con-full common-cta-container e-flex e-con e-child\" data-id=\"75a6494d\" data-element_type=\"container\" data-e-type=\"container\" href=\"https:\/\/www.lapensiondumoulin.com\/en\/nos-evenements\/\">\n\t\t\t\t<div class=\"elementor-element elementor-element-23fe3a14 common-cta-text elementor-widget elementor-widget-text-editor\" data-id=\"23fe3a14\" data-element_type=\"widget\" data-e-type=\"widget\" data-widget_type=\"text-editor.default\">\n\t\t\t\t<div class=\"elementor-widget-container\">\n\t\t\t\t\t\t\t\t\t<p>Discover<\/p>\t\t\t\t\t\t\t\t<\/div>\n\t\t\t\t<\/div>\n\t\t\t\t<\/a>\n\t\t\t\t<\/div>\n\t\t\t\t<div class=\"elementor-element elementor-element-5942f9a9 elementor-widget__width-initial elementor-widget-mobile__width-initial elementor-widget elementor-widget-image\" data-id=\"5942f9a9\" data-element_type=\"widget\" data-e-type=\"widget\" data-widget_type=\"image.default\">\n\t\t\t\t<div class=\"elementor-widget-container\">\n\t\t\t\t\t\t\t\t\t\t\t\t\t\t\t<img decoding=\"async\" width=\"1365\" height=\"2048\" src=\"https:\/\/www.lapensiondumoulin.com\/wp-content\/uploads\/2026\/02\/evenement-hotel-pension-du-moulin.jpg\" class=\"attachment-full size-full wp-image-2892\" alt=\"\" srcset=\"https:\/\/www.lapensiondumoulin.com\/wp-content\/uploads\/2026\/02\/evenement-hotel-pension-du-moulin.jpg 1365w, https:\/\/www.lapensiondumoulin.com\/wp-content\/uploads\/2026\/02\/evenement-hotel-pension-du-moulin-200x300.jpg 200w, https:\/\/www.lapensiondumoulin.com\/wp-content\/uploads\/2026\/02\/evenement-hotel-pension-du-moulin-683x1024.jpg 683w, https:\/\/www.lapensiondumoulin.com\/wp-content\/uploads\/2026\/02\/evenement-hotel-pension-du-moulin-768x1152.jpg 768w, https:\/\/www.lapensiondumoulin.com\/wp-content\/uploads\/2026\/02\/evenement-hotel-pension-du-moulin-1024x1536.jpg 1024w, https:\/\/www.lapensiondumoulin.com\/wp-content\/uploads\/2026\/02\/evenement-hotel-pension-du-moulin-8x12.jpg 8w\" sizes=\"(max-width: 1365px) 100vw, 1365px\" title=\"\">\t\t\t\t\t\t\t\t\t\t\t\t\t\t\t<\/div>\n\t\t\t\t<\/div>\n\t\t\t\t<\/div>\n\t\t<div class=\"elementor-element elementor-element-669feb58 e-con-full e-flex e-con e-child\" data-id=\"669feb58\" data-element_type=\"container\" data-e-type=\"container\">\n\t\t\t\t<div class=\"elementor-element elementor-element-2f664b2f elementor-widget__width-initial elementor-widget elementor-widget-image\" data-id=\"2f664b2f\" data-element_type=\"widget\" data-e-type=\"widget\" data-widget_type=\"image.default\">\n\t\t\t\t<div class=\"elementor-widget-container\">\n\t\t\t\t\t\t\t\t\t\t\t\t\t\t\t<img loading=\"lazy\" decoding=\"async\" width=\"1365\" height=\"2048\" src=\"https:\/\/www.lapensiondumoulin.com\/wp-content\/uploads\/2026\/02\/restaurant-pension-du-moulin.jpg\" class=\"attachment-full size-full wp-image-2943\" alt=\"\" srcset=\"https:\/\/www.lapensiondumoulin.com\/wp-content\/uploads\/2026\/02\/restaurant-pension-du-moulin.jpg 1365w, https:\/\/www.lapensiondumoulin.com\/wp-content\/uploads\/2026\/02\/restaurant-pension-du-moulin-200x300.jpg 200w, https:\/\/www.lapensiondumoulin.com\/wp-content\/uploads\/2026\/02\/restaurant-pension-du-moulin-683x1024.jpg 683w, https:\/\/www.lapensiondumoulin.com\/wp-content\/uploads\/2026\/02\/restaurant-pension-du-moulin-768x1152.jpg 768w, https:\/\/www.lapensiondumoulin.com\/wp-content\/uploads\/2026\/02\/restaurant-pension-du-moulin-1024x1536.jpg 1024w, https:\/\/www.lapensiondumoulin.com\/wp-content\/uploads\/2026\/02\/restaurant-pension-du-moulin-8x12.jpg 8w\" sizes=\"(max-width: 1365px) 100vw, 1365px\" title=\"\">\t\t\t\t\t\t\t\t\t\t\t\t\t\t\t<\/div>\n\t\t\t\t<\/div>\n\t\t<div class=\"elementor-element elementor-element-5828b836 e-con-full e-flex e-con e-child\" data-id=\"5828b836\" data-element_type=\"container\" data-e-type=\"container\">\n\t\t\t\t<div class=\"elementor-element elementor-element-59cc7531 elementor-widget elementor-widget-heading\" data-id=\"59cc7531\" data-element_type=\"widget\" data-e-type=\"widget\" data-widget_type=\"heading.default\">\n\t\t\t\t<div class=\"elementor-widget-container\">\n\t\t\t\t\t<span class=\"elementor-heading-title elementor-size-default\">Seminars<\/span>\t\t\t\t<\/div>\n\t\t\t\t<\/div>\n\t\t<a class=\"elementor-element elementor-element-2936a695 e-con-full common-cta-container e-flex e-con e-child\" data-id=\"2936a695\" data-element_type=\"container\" data-e-type=\"container\" href=\"https:\/\/www.lapensiondumoulin.com\/en\/seminaire\/\">\n\t\t\t\t<div class=\"elementor-element elementor-element-4ab5edc1 common-cta-text elementor-widget elementor-widget-text-editor\" data-id=\"4ab5edc1\" data-element_type=\"widget\" data-e-type=\"widget\" data-widget_type=\"text-editor.default\">\n\t\t\t\t<div class=\"elementor-widget-container\">\n\t\t\t\t\t\t\t\t\t<p>Discover<\/p>\t\t\t\t\t\t\t\t<\/div>\n\t\t\t\t<\/div>\n\t\t\t\t<\/a>\n\t\t\t\t<\/div>\n\t\t\t\t<\/div>\n\t\t<div class=\"elementor-element elementor-element-539e3c75 e-con-full e-flex e-con e-child\" data-id=\"539e3c75\" data-element_type=\"container\" data-e-type=\"container\">\n\t\t<div class=\"elementor-element elementor-element-14064940 e-con-full e-flex e-con e-child\" data-id=\"14064940\" data-element_type=\"container\" data-e-type=\"container\">\n\t\t\t\t<div class=\"elementor-element elementor-element-5647c09a elementor-widget elementor-widget-heading\" data-id=\"5647c09a\" data-element_type=\"widget\" data-e-type=\"widget\" data-widget_type=\"heading.default\">\n\t\t\t\t<div class=\"elementor-widget-container\">\n\t\t\t\t\t<span class=\"elementor-heading-title elementor-size-default\">Rooms<\/span>\t\t\t\t<\/div>\n\t\t\t\t<\/div>\n\t\t<a class=\"elementor-element elementor-element-797d26bf e-con-full common-cta-container e-flex e-con e-child\" data-id=\"797d26bf\" data-element_type=\"container\" data-e-type=\"container\" href=\"https:\/\/www.lapensiondumoulin.com\/en\/chambres\/\">\n\t\t\t\t<div class=\"elementor-element elementor-element-3f1fcf5f common-cta-text elementor-widget elementor-widget-text-editor\" data-id=\"3f1fcf5f\" data-element_type=\"widget\" data-e-type=\"widget\" data-widget_type=\"text-editor.default\">\n\t\t\t\t<div class=\"elementor-widget-container\">\n\t\t\t\t\t\t\t\t\t<p>Discover<\/p>\t\t\t\t\t\t\t\t<\/div>\n\t\t\t\t<\/div>\n\t\t\t\t<\/a>\n\t\t\t\t<\/div>\n\t\t\t\t<div class=\"elementor-element elementor-element-7913e939 elementor-widget__width-initial elementor-widget elementor-widget-image\" data-id=\"7913e939\" data-element_type=\"widget\" data-e-type=\"widget\" data-widget_type=\"image.default\">\n\t\t\t\t<div class=\"elementor-widget-container\">\n\t\t\t\t\t\t\t\t\t\t\t\t\t\t\t<img loading=\"lazy\" decoding=\"async\" width=\"1365\" height=\"2048\" src=\"https:\/\/www.lapensiondumoulin.com\/wp-content\/uploads\/2026\/02\/chambre-hotel-pension-du-moulin.jpg\" class=\"attachment-full size-full wp-image-2876\" alt=\"\" srcset=\"https:\/\/www.lapensiondumoulin.com\/wp-content\/uploads\/2026\/02\/chambre-hotel-pension-du-moulin.jpg 1365w, https:\/\/www.lapensiondumoulin.com\/wp-content\/uploads\/2026\/02\/chambre-hotel-pension-du-moulin-200x300.jpg 200w, https:\/\/www.lapensiondumoulin.com\/wp-content\/uploads\/2026\/02\/chambre-hotel-pension-du-moulin-683x1024.jpg 683w, https:\/\/www.lapensiondumoulin.com\/wp-content\/uploads\/2026\/02\/chambre-hotel-pension-du-moulin-768x1152.jpg 768w, https:\/\/www.lapensiondumoulin.com\/wp-content\/uploads\/2026\/02\/chambre-hotel-pension-du-moulin-1024x1536.jpg 1024w, https:\/\/www.lapensiondumoulin.com\/wp-content\/uploads\/2026\/02\/chambre-hotel-pension-du-moulin-8x12.jpg 8w\" sizes=\"(max-width: 1365px) 100vw, 1365px\" title=\"\">\t\t\t\t\t\t\t\t\t\t\t\t\t\t\t<\/div>\n\t\t\t\t<\/div>\n\t\t\t\t<\/div>\n\t\t\t\t\t<\/div>\n\t\t\t\t<\/div>\n\t\t\t\t<\/div>","protected":false},"excerpt":{"rendered":"<p>Mus\u00e9e de Pont-Aven Activit\u00e9s &amp; Excursions Art &amp; histoire Un mus\u00e9e au c\u0153ur de l\u2019histoire artistique bretonne Le Mus\u00e9e de Pont-Aven retrace l\u2019aventure artistique qui a transform\u00e9 ce village en v\u00e9ritable laboratoire de cr\u00e9ation. Peintures, dessins, archives et expositions temporaires racontent l\u2019\u00e9mergence de l\u2019\u00c9cole de Pont-Aven, port\u00e9e par Gauguin, S\u00e9rusier ou Bernard. Le lieu offre [&hellip;]<\/p>\n","protected":false},"author":13,"featured_media":0,"parent":257,"menu_order":0,"comment_status":"closed","ping_status":"closed","template":"","meta":{"_acf_changed":false,"inline_featured_image":false,"footnotes":""},"class_list":["post-1341","page","type-page","status-publish","hentry"],"acf":[],"_links":{"self":[{"href":"https:\/\/www.lapensiondumoulin.com\/en\/wp-json\/wp\/v2\/pages\/1341","targetHints":{"allow":["GET"]}}],"collection":[{"href":"https:\/\/www.lapensiondumoulin.com\/en\/wp-json\/wp\/v2\/pages"}],"about":[{"href":"https:\/\/www.lapensiondumoulin.com\/en\/wp-json\/wp\/v2\/types\/page"}],"author":[{"embeddable":true,"href":"https:\/\/www.lapensiondumoulin.com\/en\/wp-json\/wp\/v2\/users\/13"}],"replies":[{"embeddable":true,"href":"https:\/\/www.lapensiondumoulin.com\/en\/wp-json\/wp\/v2\/comments?post=1341"}],"version-history":[{"count":32,"href":"https:\/\/www.lapensiondumoulin.com\/en\/wp-json\/wp\/v2\/pages\/1341\/revisions"}],"predecessor-version":[{"id":3062,"href":"https:\/\/www.lapensiondumoulin.com\/en\/wp-json\/wp\/v2\/pages\/1341\/revisions\/3062"}],"up":[{"embeddable":true,"href":"https:\/\/www.lapensiondumoulin.com\/en\/wp-json\/wp\/v2\/pages\/257"}],"wp:attachment":[{"href":"https:\/\/www.lapensiondumoulin.com\/en\/wp-json\/wp\/v2\/media?parent=1341"}],"curies":[{"name":"wp","href":"https:\/\/api.w.org\/{rel}","templated":true}]}}